{"id":279,"date":"2024-04-21T10:57:23","date_gmt":"2024-04-21T08:57:23","guid":{"rendered":"https:\/\/kaligrafia.amu.edu.pl\/?page_id=279"},"modified":"2024-04-25T21:15:43","modified_gmt":"2024-04-25T19:15:43","slug":"29-2","status":"publish","type":"page","link":"https:\/\/kaligrafia.amu.edu.pl\/?page_id=279","title":{"rendered":"Czterowiersz"},"content":{"rendered":"\n<p class=\"has-medium-font-size\">Kaligrafia autorstwa\u00a0<strong>Zhang Shenglin \u5f20\u58f0\u6797<\/strong>\u00a0z Ganzhou Normal College, wykonana w\u00a0pi\u015bmie\u00a0<a href=\"https:\/\/kaligrafia.amu.edu.pl\/?page_id=13#trawiastepismo\">trawiastym<\/a>\u00a0i z tekstem wiersza <a href=\"https:\/\/kaligrafia.amu.edu.pl\/?page_id=656\/#dufu\">Du Fu<\/a> (712-770) pt.\u00a0<em>Czterowiersz\u00a0<\/em>\u4e34\u5b89\u6625\u96e8\u521d\u9701.<\/p>\n\n\n\n<p>Przek\u0142ad wiersza na j\u0119zyk polski zosta\u0142 opracowany przez Milen\u0119 Szczechowsk\u0105 i Dari\u0119 Kroczyk, studentki II roku studi\u00f3w magisterskich Sinologii UAM.<\/p>\n\n\n<div class=\"wp-block-image\">\n<figure class=\"alignleft size-full\"><img loading=\"lazy\" decoding=\"async\" width=\"200\" height=\"400\" src=\"https:\/\/kaligrafia.amu.edu.pl\/wp-content\/uploads\/2024\/04\/29-2.jpg\" alt=\"\" class=\"wp-image-450\" srcset=\"https:\/\/kaligrafia.amu.edu.pl\/wp-content\/uploads\/2024\/04\/29-2.jpg 200w, https:\/\/kaligrafia.amu.edu.pl\/wp-content\/uploads\/2024\/04\/29-2-150x300.jpg 150w\" sizes=\"auto, (max-width: 200px) 100vw, 200px\" \/><\/figure>\n<\/div>\n\n\n<p>Tekst oryginalny:<br>\u8fdf\u65e5\u6c5f\u5c71\u4e3d\uff0c\u6625\u98ce\u82b1\u8349\u9999\u3002\u6ce5\u878d\u98de\u71d5\u5b50\uff0c \u6c99\u6696\u7761\u9e33\u9e2f\u3002<br>T\u0142umaczenie:<br>P\u00f3\u017anym wieczorem g\u00f3ry i rzeki s\u0105 pi\u0119kne,<br>Wiosenny wietrzyk przynosi zapach kwiat\u00f3w i trawy,&nbsp;<br>Jask\u00f3\u0142ki lataj\u0105 z lepkim b\u0142otem w dzi\u00f3bkach,<br>A kaczki \u015bpi\u0105 w ciep\u0142ym piasku.&nbsp;<\/p>\n","protected":false},"excerpt":{"rendered":"<p>Kaligrafia autorstwa\u00a0Zhang Shenglin \u5f20\u58f0\u6797\u00a0z Ganzhou Normal College, wykonana w\u00a0pi\u015bmie\u00a0trawiastym\u00a0i z tekstem wiersza Du Fu (712-770) pt.\u00a0Czterowiersz\u00a0\u4e34\u5b89\u6625\u96e8\u521d\u9701. Przek\u0142ad wiersza na j\u0119zyk polski zosta\u0142 opracowany przez Milen\u0119 Szczechowsk\u0105 i Dari\u0119 Kroczyk, studentki II roku studi\u00f3w magisterskich Sinologii UAM. Tekst oryginalny:\u8fdf\u65e5\u6c5f\u5c71\u4e3d\uff0c\u6625\u98ce\u82b1\u8349\u9999\u3002\u6ce5\u878d\u98de\u71d5\u5b50\uff0c \u6c99\u6696\u7761\u9e33\u9e2f\u3002T\u0142umaczenie:P\u00f3\u017anym wieczorem g\u00f3ry i rzeki s\u0105 pi\u0119kne,Wiosenny wietrzyk przynosi zapach kwiat\u00f3w i trawy,&nbsp;Jask\u00f3\u0142ki lataj\u0105 z lepkim b\u0142otem &hellip; <a href=\"https:\/\/kaligrafia.amu.edu.pl\/?page_id=279\" class=\"more-link\">Czytaj dalej <span class=\"screen-reader-text\">Czterowiersz<\/span><\/a><\/p>\n","protected":false},"author":1,"featured_media":0,"parent":0,"menu_order":0,"comment_status":"closed","ping_status":"closed","template":"","meta":{"footnotes":""},"class_list":["post-279","page","type-page","status-publish","hentry"],"_links":{"self":[{"href":"https:\/\/kaligrafia.amu.edu.pl\/index.php?rest_route=\/wp\/v2\/pages\/279","targetHints":{"allow":["GET"]}}],"collection":[{"href":"https:\/\/kaligrafia.amu.edu.pl\/index.php?rest_route=\/wp\/v2\/pages"}],"about":[{"href":"https:\/\/kaligrafia.amu.edu.pl\/index.php?rest_route=\/wp\/v2\/types\/page"}],"author":[{"embeddable":true,"href":"https:\/\/kaligrafia.amu.edu.pl\/index.php?rest_route=\/wp\/v2\/users\/1"}],"replies":[{"embeddable":true,"href":"https:\/\/kaligrafia.amu.edu.pl\/index.php?rest_route=%2Fwp%2Fv2%2Fcomments&post=279"}],"version-history":[{"count":4,"href":"https:\/\/kaligrafia.amu.edu.pl\/index.php?rest_route=\/wp\/v2\/pages\/279\/revisions"}],"predecessor-version":[{"id":678,"href":"https:\/\/kaligrafia.amu.edu.pl\/index.php?rest_route=\/wp\/v2\/pages\/279\/revisions\/678"}],"wp:attachment":[{"href":"https:\/\/kaligrafia.amu.edu.pl\/index.php?rest_route=%2Fwp%2Fv2%2Fmedia&parent=279"}],"curies":[{"name":"wp","href":"https:\/\/api.w.org\/{rel}","templated":true}]}}