{"id":276,"date":"2024-04-21T10:57:23","date_gmt":"2024-04-21T08:57:23","guid":{"rendered":"https:\/\/kaligrafia.amu.edu.pl\/?page_id=276"},"modified":"2024-04-25T21:16:58","modified_gmt":"2024-04-25T19:16:58","slug":"26-2","status":"publish","type":"page","link":"https:\/\/kaligrafia.amu.edu.pl\/?page_id=276","title":{"rendered":"Wiosenna przechadzka nad Jeziorem Zachodnim"},"content":{"rendered":"\n<p class=\"has-medium-font-size\">Kaligrafia autorstwa\u00a0<strong>Huang Aliu \u9ec4\u963f\u516d<\/strong>\u00a0z Agricultural Development Bank of China Jiujiang Lufeng Branch, wykonana w\u00a0pi\u015bmie\u00a0<a href=\"https:\/\/kaligrafia.amu.edu.pl\/?page_id=13#biezacepismo\">bie\u017c\u0105co<\/a>\u2013<a href=\"https:\/\/kaligrafia.amu.edu.pl\/?page_id=13#wzorcowepismo\">wzorcowym<\/a>\u00a0i z tekstem wiersza <a href=\"https:\/\/kaligrafia.amu.edu.pl\/?page_id=656\/#baijuyi\">Bai Juyi<\/a> (772-846) pt.\u00a0<em>Wiosenna przechadzka nad Jeziorem Zachodnim\u00a0<\/em>\u94b1\u5858\u6e56\u6625\u884c.<\/p>\n\n\n\n<p>Przek\u0142ad wiersza na j\u0119zyk polski zosta\u0142 opracowany przez Martyn\u0119 Bojarczuk i Alicj\u0119 Kobiel\u0119, studentki II roku studi\u00f3w magisterskich Sinologii UAM.<\/p>\n\n\n<div class=\"wp-block-image\">\n<figure class=\"alignleft size-full\"><img loading=\"lazy\" decoding=\"async\" width=\"200\" height=\"400\" src=\"https:\/\/kaligrafia.amu.edu.pl\/wp-content\/uploads\/2024\/04\/26-2.jpg\" alt=\"\" class=\"wp-image-443\" srcset=\"https:\/\/kaligrafia.amu.edu.pl\/wp-content\/uploads\/2024\/04\/26-2.jpg 200w, https:\/\/kaligrafia.amu.edu.pl\/wp-content\/uploads\/2024\/04\/26-2-150x300.jpg 150w\" sizes=\"auto, (max-width: 200px) 100vw, 200px\" \/><\/figure>\n<\/div>\n\n\n<p>Tekst oryginalny:<br>\u5b64\u5c71\u5bfa\u5317\u8d3e\u4ead\u897f\uff0c\u6c34\u9762\u521d\u5e73\u4e91\u811a\u4f4e\u3002\u51e0\u5904\u65e9\u83ba\u4e89\u6696\u6811\uff0c\u8c01\u5bb6\u65b0\u71d5\u5544\u6625\u6ce5\u3002\u4e71\u82b1\u6e10\u6b32\u8ff7\u4eba\u773c\uff0c\u6d45\u8349\u624d\u80fd\u6ca1\u9a6c\u8e44\u3002\u6700\u7231\u6e56\u4e1c\u884c\u4e0d\u8db3\uff0c \u7eff\u6768\u9634\u91cc\u767d\u6c99\u5824\u3002<br>T\u0142umaczenie:<br>Od samotnej g\u00f3ry z p\u00f3\u0142nocy rozpoczynam m\u0105 w\u0119dr\u00f3wk\u0119 do altany na zach\u00f3d,<br>Woda \u0142\u0105czy si\u0119 z brzegiem, a ob\u0142oki st\u0105paj\u0105 po jej tafli.<br>Wilgi na ga\u0142\u0119ziach walcz\u0105 o ka\u017cdy promie\u0144 s\u0142o\u0144ca,&nbsp;<br>Powracaj\u0105ce jask\u00f3\u0142ki z b\u0142otem w dziobach buduj\u0105 gniazda.<br>Wiosenne kwiaty przyci\u0105gaj\u0105 wzrok swymi kolorami,<br>A zielona trawa jeszcze niezdeptana przez ko\u0144skie kopyta.<br>Nie mog\u0119 si\u0119 nacieszy\u0107 urokiem wschodniej strony jeziora,<br>I to nabrze\u017ce okryte cieniem zielonych drzew!<\/p>\n","protected":false},"excerpt":{"rendered":"<p>Kaligrafia autorstwa\u00a0Huang Aliu \u9ec4\u963f\u516d\u00a0z Agricultural Development Bank of China Jiujiang Lufeng Branch, wykonana w\u00a0pi\u015bmie\u00a0bie\u017c\u0105co\u2013wzorcowym\u00a0i z tekstem wiersza Bai Juyi (772-846) pt.\u00a0Wiosenna przechadzka nad Jeziorem Zachodnim\u00a0\u94b1\u5858\u6e56\u6625\u884c. Przek\u0142ad wiersza na j\u0119zyk polski zosta\u0142 opracowany przez Martyn\u0119 Bojarczuk i Alicj\u0119 Kobiel\u0119, studentki II roku studi\u00f3w magisterskich Sinologii UAM. Tekst oryginalny:\u5b64\u5c71\u5bfa\u5317\u8d3e\u4ead\u897f\uff0c\u6c34\u9762\u521d\u5e73\u4e91\u811a\u4f4e\u3002\u51e0\u5904\u65e9\u83ba\u4e89\u6696\u6811\uff0c\u8c01\u5bb6\u65b0\u71d5\u5544\u6625\u6ce5\u3002\u4e71\u82b1\u6e10\u6b32\u8ff7\u4eba\u773c\uff0c\u6d45\u8349\u624d\u80fd\u6ca1\u9a6c\u8e44\u3002\u6700\u7231\u6e56\u4e1c\u884c\u4e0d\u8db3\uff0c \u7eff\u6768\u9634\u91cc\u767d\u6c99\u5824\u3002T\u0142umaczenie:Od samotnej g\u00f3ry z p\u00f3\u0142nocy rozpoczynam m\u0105 w\u0119dr\u00f3wk\u0119 &hellip; <a href=\"https:\/\/kaligrafia.amu.edu.pl\/?page_id=276\" class=\"more-link\">Czytaj dalej <span class=\"screen-reader-text\">Wiosenna przechadzka nad Jeziorem Zachodnim<\/span><\/a><\/p>\n","protected":false},"author":1,"featured_media":0,"parent":0,"menu_order":0,"comment_status":"closed","ping_status":"closed","template":"","meta":{"footnotes":""},"class_list":["post-276","page","type-page","status-publish","hentry"],"_links":{"self":[{"href":"https:\/\/kaligrafia.amu.edu.pl\/index.php?rest_route=\/wp\/v2\/pages\/276","targetHints":{"allow":["GET"]}}],"collection":[{"href":"https:\/\/kaligrafia.amu.edu.pl\/index.php?rest_route=\/wp\/v2\/pages"}],"about":[{"href":"https:\/\/kaligrafia.amu.edu.pl\/index.php?rest_route=\/wp\/v2\/types\/page"}],"author":[{"embeddable":true,"href":"https:\/\/kaligrafia.amu.edu.pl\/index.php?rest_route=\/wp\/v2\/users\/1"}],"replies":[{"embeddable":true,"href":"https:\/\/kaligrafia.amu.edu.pl\/index.php?rest_route=%2Fwp%2Fv2%2Fcomments&post=276"}],"version-history":[{"count":4,"href":"https:\/\/kaligrafia.amu.edu.pl\/index.php?rest_route=\/wp\/v2\/pages\/276\/revisions"}],"predecessor-version":[{"id":681,"href":"https:\/\/kaligrafia.amu.edu.pl\/index.php?rest_route=\/wp\/v2\/pages\/276\/revisions\/681"}],"wp:attachment":[{"href":"https:\/\/kaligrafia.amu.edu.pl\/index.php?rest_route=%2Fwp%2Fv2%2Fmedia&parent=276"}],"curies":[{"name":"wp","href":"https:\/\/api.w.org\/{rel}","templated":true}]}}