{"id":275,"date":"2024-04-21T10:57:23","date_gmt":"2024-04-21T08:57:23","guid":{"rendered":"https:\/\/kaligrafia.amu.edu.pl\/?page_id=275"},"modified":"2024-04-25T21:17:11","modified_gmt":"2024-04-25T19:17:11","slug":"25-2","status":"publish","type":"page","link":"https:\/\/kaligrafia.amu.edu.pl\/?page_id=275","title":{"rendered":"Czerwie\u0144 kwiat\u00f3w przygasa po\u015br\u00f3d dr\u00f3g"},"content":{"rendered":"\n<p class=\"has-medium-font-size\">Kaligrafia autorstwa\u00a0<strong>Liu Zhengyi \u5218\u5f81\u8c0a<\/strong>\u00a0ze Stowarzyszenia K\u00f3\u0142 Literackich i Artystycznych Miasta Jinggangshan, wykonana w\u00a0pi\u015bmie\u00a0<a href=\"https:\/\/kaligrafia.amu.edu.pl\/?page_id=13#biezacepismo\">bie\u017c\u0105cym<\/a>\u00a0i z tekstem wiersza <a href=\"https:\/\/kaligrafia.amu.edu.pl\/?page_id=656\/#yanshu\">Yan Shu<\/a> (991-1055) pt.\u00a0<em>Czerwie\u0144 kwiat\u00f3w przygasa po\u015br\u00f3d dr\u00f3g\u00a0<\/em>\u8e0f\u838e\u884c\u00b7\u5c0f\u5f84\u7ea2\u7a00.<\/p>\n\n\n\n<p>Przek\u0142ad wiersza na j\u0119zyk polski zosta\u0142 opracowany przez Milen\u0119 \u015awiebod\u0119, studentk\u0119 II roku studi\u00f3w magisterskich Sinologii UAM.<\/p>\n\n\n<div class=\"wp-block-image\">\n<figure class=\"alignleft size-full\"><img loading=\"lazy\" decoding=\"async\" width=\"200\" height=\"400\" src=\"https:\/\/kaligrafia.amu.edu.pl\/wp-content\/uploads\/2024\/04\/25-2.jpg\" alt=\"\" class=\"wp-image-441\" srcset=\"https:\/\/kaligrafia.amu.edu.pl\/wp-content\/uploads\/2024\/04\/25-2.jpg 200w, https:\/\/kaligrafia.amu.edu.pl\/wp-content\/uploads\/2024\/04\/25-2-150x300.jpg 150w\" sizes=\"auto, (max-width: 200px) 100vw, 200px\" \/><\/figure>\n<\/div>\n\n\n<p>Tekst oryginalny:<br>\u5c0f\u5f84\u7ea2\u7a00\uff0c\u82b3\u90ca\u7eff\u904d\u3002\u9ad8\u53f0\u6811\u8272\u9634\u9634\u89c1\u3002\u6625\u98ce\u4e0d\u89e3\u7981\u6768\u82b1\uff0c\u8499\u8499\u4e71\u6251\u884c\u4eba\u9762\u3002\u7fe0\u53f6\u85cf\u83ba\uff0c\u6731\u5e18\u9694\u71d5\u3002\u7089\u9999\u9759\u9010\u6e38\u4e1d\u8f6c\u3002 \u4e00\u573a\u6101\u68a6\u9152\u9192\u65f6\uff0c\u659c\u9633\u5374\u7167\u6df1\u6df1\u9662\u3002<br>T\u0142umaczenie:<br>Czerwie\u0144 kwiat\u00f3w przygasa po\u015br\u00f3d dr\u00f3g,<br>Cho\u0107 okolice wci\u0105\u017c wype\u0142nia urodzajna ziele\u0144.<br>Wysokie pawilony majacz\u0105 nad koronami drzew,<br>Wiosenna bryza nie panuje nad kwieciem topoli i wierzb,<br>Niczym m\u017cawka skrapia ludzkie twarze.<br>Wilgi kryj\u0105 si\u0119 w zielonych li\u015bciach,&nbsp;<br>Jask\u00f3\u0142ki oddzielaj\u0105 per\u0142owe zas\u0142ony,<br>Kadzid\u0142o pnie si\u0119 w g\u00f3r\u0119 na wz\u00f3r paj\u0119czej nici.<br>Kiedy pijany wybudzi\u0142em si\u0119 ze smutnego snu,<br>Zachodz\u0105ce s\u0142o\u0144ce chyli\u0142o si\u0119 nad g\u0142\u0119bokim dziedzi\u0144cem.<\/p>\n","protected":false},"excerpt":{"rendered":"<p>Kaligrafia autorstwa\u00a0Liu Zhengyi \u5218\u5f81\u8c0a\u00a0ze Stowarzyszenia K\u00f3\u0142 Literackich i Artystycznych Miasta Jinggangshan, wykonana w\u00a0pi\u015bmie\u00a0bie\u017c\u0105cym\u00a0i z tekstem wiersza Yan Shu (991-1055) pt.\u00a0Czerwie\u0144 kwiat\u00f3w przygasa po\u015br\u00f3d dr\u00f3g\u00a0\u8e0f\u838e\u884c\u00b7\u5c0f\u5f84\u7ea2\u7a00. Przek\u0142ad wiersza na j\u0119zyk polski zosta\u0142 opracowany przez Milen\u0119 \u015awiebod\u0119, studentk\u0119 II roku studi\u00f3w magisterskich Sinologii UAM. Tekst oryginalny:\u5c0f\u5f84\u7ea2\u7a00\uff0c\u82b3\u90ca\u7eff\u904d\u3002\u9ad8\u53f0\u6811\u8272\u9634\u9634\u89c1\u3002\u6625\u98ce\u4e0d\u89e3\u7981\u6768\u82b1\uff0c\u8499\u8499\u4e71\u6251\u884c\u4eba\u9762\u3002\u7fe0\u53f6\u85cf\u83ba\uff0c\u6731\u5e18\u9694\u71d5\u3002\u7089\u9999\u9759\u9010\u6e38\u4e1d\u8f6c\u3002 \u4e00\u573a\u6101\u68a6\u9152\u9192\u65f6\uff0c\u659c\u9633\u5374\u7167\u6df1\u6df1\u9662\u3002T\u0142umaczenie:Czerwie\u0144 kwiat\u00f3w przygasa po\u015br\u00f3d dr\u00f3g,Cho\u0107 okolice wci\u0105\u017c wype\u0142nia urodzajna ziele\u0144.Wysokie pawilony majacz\u0105 &hellip; <a href=\"https:\/\/kaligrafia.amu.edu.pl\/?page_id=275\" class=\"more-link\">Czytaj dalej <span class=\"screen-reader-text\">Czerwie\u0144 kwiat\u00f3w przygasa po\u015br\u00f3d dr\u00f3g<\/span><\/a><\/p>\n","protected":false},"author":1,"featured_media":0,"parent":0,"menu_order":0,"comment_status":"closed","ping_status":"closed","template":"","meta":{"footnotes":""},"class_list":["post-275","page","type-page","status-publish","hentry"],"_links":{"self":[{"href":"https:\/\/kaligrafia.amu.edu.pl\/index.php?rest_route=\/wp\/v2\/pages\/275","targetHints":{"allow":["GET"]}}],"collection":[{"href":"https:\/\/kaligrafia.amu.edu.pl\/index.php?rest_route=\/wp\/v2\/pages"}],"about":[{"href":"https:\/\/kaligrafia.amu.edu.pl\/index.php?rest_route=\/wp\/v2\/types\/page"}],"author":[{"embeddable":true,"href":"https:\/\/kaligrafia.amu.edu.pl\/index.php?rest_route=\/wp\/v2\/users\/1"}],"replies":[{"embeddable":true,"href":"https:\/\/kaligrafia.amu.edu.pl\/index.php?rest_route=%2Fwp%2Fv2%2Fcomments&post=275"}],"version-history":[{"count":4,"href":"https:\/\/kaligrafia.amu.edu.pl\/index.php?rest_route=\/wp\/v2\/pages\/275\/revisions"}],"predecessor-version":[{"id":682,"href":"https:\/\/kaligrafia.amu.edu.pl\/index.php?rest_route=\/wp\/v2\/pages\/275\/revisions\/682"}],"wp:attachment":[{"href":"https:\/\/kaligrafia.amu.edu.pl\/index.php?rest_route=%2Fwp%2Fv2%2Fmedia&parent=275"}],"curies":[{"name":"wp","href":"https:\/\/api.w.org\/{rel}","templated":true}]}}