{"id":266,"date":"2024-04-21T10:57:23","date_gmt":"2024-04-21T08:57:23","guid":{"rendered":"https:\/\/kaligrafia.amu.edu.pl\/?page_id=266"},"modified":"2024-04-25T21:19:19","modified_gmt":"2024-04-25T19:19:19","slug":"17-2","status":"publish","type":"page","link":"https:\/\/kaligrafia.amu.edu.pl\/?page_id=266","title":{"rendered":"W\u0119dr\u00f3wka przez g\u00f3r\u0119 Wugong"},"content":{"rendered":"\n<p class=\"has-medium-font-size\">Kaligrafia autorstwa\u00a0<strong>Gui Xiangwen \u6842\u76f8\u6587<\/strong>, wykonana w\u00a0<a href=\"https:\/\/kaligrafia.amu.edu.pl\/?page_id=13#biezacepismo\">pi\u015bmie bie\u017c\u0105cym<\/a>\u00a0i z tekstem wiersza <a href=\"https:\/\/kaligrafia.amu.edu.pl\/?page_id=656\/#xuxiake\">Xu Xiake<\/a> (1587-1641) pt.\u00a0<em>W\u0119dr\u00f3wka przez g\u00f3r\u0119 Wugong\u00a0<\/em>\u6e38\u6b66\u529f\u5c71.<\/p>\n\n\n\n<p>Przek\u0142ad wiersza na j\u0119zyk polski zosta\u0142 opracowany przez Izabel\u0119 Kawul\u0119 i Aleksandr\u0119 Miernik, studentki II roku studi\u00f3w magisterskich Sinologii UAM.<\/p>\n\n\n<div class=\"wp-block-image\">\n<figure class=\"alignleft size-full\"><img loading=\"lazy\" decoding=\"async\" width=\"200\" height=\"400\" src=\"https:\/\/kaligrafia.amu.edu.pl\/wp-content\/uploads\/2024\/04\/17-2.jpg\" alt=\"\" class=\"wp-image-422\" srcset=\"https:\/\/kaligrafia.amu.edu.pl\/wp-content\/uploads\/2024\/04\/17-2.jpg 200w, https:\/\/kaligrafia.amu.edu.pl\/wp-content\/uploads\/2024\/04\/17-2-150x300.jpg 150w\" sizes=\"auto, (max-width: 200px) 100vw, 200px\" \/><\/figure>\n<\/div>\n\n\n<p>Tekst oryginalny:<br>\u5343\u5cf0\u5d6f\u5ce8\u78a7\u7389\u7c2a\uff0c\u4e94\u5cad\u582a\u6bd4\u6b66\u529f\u5c71\u3002\u89c2\u65e5\u666f\u5982\u91d1\u5728\u51b6\uff0c \u6e38\u4eba\u5c65\u6b65\u5f69\u4e91\u95f4\u3002<br>T\u0142umaczenie:<br>Z tysi\u0105cem szczyt\u00f3w strzelistych niczym jadeitowe spinki,\u200b\u200bG\u00f3ra Wugong w niczym nie ust\u0119puje szczytom Po\u0142udniowochi\u0144skim.<br>Wschodz\u0105ce s\u0142o\u0144ce przyozdabia krajobraz niczym stopione z\u0142oto,<br>A w\u0119drowcy krocz\u0105 naprz\u00f3d w\u015br\u00f3d r\u00f3\u017canych ob\u0142ok\u00f3w.<\/p>\n","protected":false},"excerpt":{"rendered":"<p>Kaligrafia autorstwa\u00a0Gui Xiangwen \u6842\u76f8\u6587, wykonana w\u00a0pi\u015bmie bie\u017c\u0105cym\u00a0i z tekstem wiersza Xu Xiake (1587-1641) pt.\u00a0W\u0119dr\u00f3wka przez g\u00f3r\u0119 Wugong\u00a0\u6e38\u6b66\u529f\u5c71. Przek\u0142ad wiersza na j\u0119zyk polski zosta\u0142 opracowany przez Izabel\u0119 Kawul\u0119 i Aleksandr\u0119 Miernik, studentki II roku studi\u00f3w magisterskich Sinologii UAM. Tekst oryginalny:\u5343\u5cf0\u5d6f\u5ce8\u78a7\u7389\u7c2a\uff0c\u4e94\u5cad\u582a\u6bd4\u6b66\u529f\u5c71\u3002\u89c2\u65e5\u666f\u5982\u91d1\u5728\u51b6\uff0c \u6e38\u4eba\u5c65\u6b65\u5f69\u4e91\u95f4\u3002T\u0142umaczenie:Z tysi\u0105cem szczyt\u00f3w strzelistych niczym jadeitowe spinki,\u200b\u200bG\u00f3ra Wugong w niczym nie ust\u0119puje szczytom Po\u0142udniowochi\u0144skim.Wschodz\u0105ce s\u0142o\u0144ce przyozdabia &hellip; <a href=\"https:\/\/kaligrafia.amu.edu.pl\/?page_id=266\" class=\"more-link\">Czytaj dalej <span class=\"screen-reader-text\">W\u0119dr\u00f3wka przez g\u00f3r\u0119 Wugong<\/span><\/a><\/p>\n","protected":false},"author":1,"featured_media":0,"parent":0,"menu_order":0,"comment_status":"closed","ping_status":"closed","template":"","meta":{"footnotes":""},"class_list":["post-266","page","type-page","status-publish","hentry"],"_links":{"self":[{"href":"https:\/\/kaligrafia.amu.edu.pl\/index.php?rest_route=\/wp\/v2\/pages\/266","targetHints":{"allow":["GET"]}}],"collection":[{"href":"https:\/\/kaligrafia.amu.edu.pl\/index.php?rest_route=\/wp\/v2\/pages"}],"about":[{"href":"https:\/\/kaligrafia.amu.edu.pl\/index.php?rest_route=\/wp\/v2\/types\/page"}],"author":[{"embeddable":true,"href":"https:\/\/kaligrafia.amu.edu.pl\/index.php?rest_route=\/wp\/v2\/users\/1"}],"replies":[{"embeddable":true,"href":"https:\/\/kaligrafia.amu.edu.pl\/index.php?rest_route=%2Fwp%2Fv2%2Fcomments&post=266"}],"version-history":[{"count":4,"href":"https:\/\/kaligrafia.amu.edu.pl\/index.php?rest_route=\/wp\/v2\/pages\/266\/revisions"}],"predecessor-version":[{"id":690,"href":"https:\/\/kaligrafia.amu.edu.pl\/index.php?rest_route=\/wp\/v2\/pages\/266\/revisions\/690"}],"wp:attachment":[{"href":"https:\/\/kaligrafia.amu.edu.pl\/index.php?rest_route=%2Fwp%2Fv2%2Fmedia&parent=266"}],"curies":[{"name":"wp","href":"https:\/\/api.w.org\/{rel}","templated":true}]}}