{"id":255,"date":"2024-04-21T10:57:22","date_gmt":"2024-04-21T08:57:22","guid":{"rendered":"https:\/\/kaligrafia.amu.edu.pl\/?page_id=255"},"modified":"2024-04-25T21:23:40","modified_gmt":"2024-04-25T19:23:40","slug":"6-2","status":"publish","type":"page","link":"https:\/\/kaligrafia.amu.edu.pl\/?page_id=255","title":{"rendered":"\u017begnaj\u0105c Wei Jie"},"content":{"rendered":"\n<p class=\"has-medium-font-size\"><strong>w drodze do Jiangxi<\/strong><\/p>\n\n\n\n<p class=\"has-medium-font-size\">Kaligrafia autorstwa<strong>\u00a0Li Guiyang \u674e\u8d35\u9633<\/strong>\u00a0z Instytutu Kaligrafii w Dongxiang im. Shu Tonga, wykonana w\u00a0<a href=\"https:\/\/kaligrafia.amu.edu.pl\/?page_id=13#kancelaryjnepismo\">pi\u015bmie kancelaryjnym<\/a>\u00a0i z tekstem wiersza <a href=\"https:\/\/kaligrafia.amu.edu.pl\/?page_id=656\/#fanzhongyan\">Fan Zhongyan<\/a> (989-1052) pt.\u00a0<em>\u017begnaj\u0105c Wei Jie w drodze do Jiangxi\u00a0<\/em>\u9001\u9b4f\u4ecb\u4e4b\u6c5f\u897f\u63d0\u70b9.<\/p>\n\n\n\n<p>Przek\u0142ad wiersza na j\u0119zyk polski zosta\u0142 opracowany przez Weronik\u0119 S\u00f3jk\u0119 i Kalin\u0119 Wiczy\u0144sk\u0105, studentki II roku studi\u00f3w magisterskich Sinologii UAM.<\/p>\n\n\n<div class=\"wp-block-image\">\n<figure class=\"alignleft size-full\"><img loading=\"lazy\" decoding=\"async\" width=\"200\" height=\"400\" src=\"https:\/\/kaligrafia.amu.edu.pl\/wp-content\/uploads\/2024\/04\/6-4.jpg\" alt=\"\" class=\"wp-image-396\" srcset=\"https:\/\/kaligrafia.amu.edu.pl\/wp-content\/uploads\/2024\/04\/6-4.jpg 200w, https:\/\/kaligrafia.amu.edu.pl\/wp-content\/uploads\/2024\/04\/6-4-150x300.jpg 150w\" sizes=\"auto, (max-width: 200px) 100vw, 200px\" \/><\/figure>\n<\/div>\n\n\n<p>Tekst oryginalny:<br>\u65cc\u65d7\u5982\u706b\u6d6a\u5982\u9e25\uff0c\u4e00\u8def\u6625\u57ce\u6b21\u7b2c\u6e38\u3002\u6c5f\u4e0a\u9ad8\u697c\u6b32\u5343\u5c3a\uff0c \u4fbf\u5f9e\u4eca\u65e5\u671b\u5f52\u821f\u3002<br>T\u0142umaczenie:<br>Flaga powiewa jak p\u0142omie\u0144, fale unosz\u0105 si\u0119 niczym skrzyd\u0142a mewy,<br>Krok za krokiem zbli\u017cam si\u0119 ku Miastu Wiecznej Wiosny,<br>Z wysokiego budynku nad rzek\u0105 si\u0119gam wzrokiem na tysi\u0105c st\u00f3p,<br>Od dzi\u015b wyczekuj\u0119 dnia, w kt\u00f3rym zobacz\u0119 powrotny statek.<\/p>\n\n\n\n<p>.<\/p>\n","protected":false},"excerpt":{"rendered":"<p>w drodze do Jiangxi Kaligrafia autorstwa\u00a0Li Guiyang \u674e\u8d35\u9633\u00a0z Instytutu Kaligrafii w Dongxiang im. Shu Tonga, wykonana w\u00a0pi\u015bmie kancelaryjnym\u00a0i z tekstem wiersza Fan Zhongyan (989-1052) pt.\u00a0\u017begnaj\u0105c Wei Jie w drodze do Jiangxi\u00a0\u9001\u9b4f\u4ecb\u4e4b\u6c5f\u897f\u63d0\u70b9. Przek\u0142ad wiersza na j\u0119zyk polski zosta\u0142 opracowany przez Weronik\u0119 S\u00f3jk\u0119 i Kalin\u0119 Wiczy\u0144sk\u0105, studentki II roku studi\u00f3w magisterskich Sinologii UAM. Tekst oryginalny:\u65cc\u65d7\u5982\u706b\u6d6a\u5982\u9e25\uff0c\u4e00\u8def\u6625\u57ce\u6b21\u7b2c\u6e38\u3002\u6c5f\u4e0a\u9ad8\u697c\u6b32\u5343\u5c3a\uff0c \u4fbf\u5f9e\u4eca\u65e5\u671b\u5f52\u821f\u3002T\u0142umaczenie:Flaga powiewa &hellip; <a href=\"https:\/\/kaligrafia.amu.edu.pl\/?page_id=255\" class=\"more-link\">Czytaj dalej <span class=\"screen-reader-text\">\u017begnaj\u0105c Wei Jie<\/span><\/a><\/p>\n","protected":false},"author":1,"featured_media":0,"parent":0,"menu_order":0,"comment_status":"closed","ping_status":"closed","template":"","meta":{"footnotes":""},"class_list":["post-255","page","type-page","status-publish","hentry"],"_links":{"self":[{"href":"https:\/\/kaligrafia.amu.edu.pl\/index.php?rest_route=\/wp\/v2\/pages\/255","targetHints":{"allow":["GET"]}}],"collection":[{"href":"https:\/\/kaligrafia.amu.edu.pl\/index.php?rest_route=\/wp\/v2\/pages"}],"about":[{"href":"https:\/\/kaligrafia.amu.edu.pl\/index.php?rest_route=\/wp\/v2\/types\/page"}],"author":[{"embeddable":true,"href":"https:\/\/kaligrafia.amu.edu.pl\/index.php?rest_route=\/wp\/v2\/users\/1"}],"replies":[{"embeddable":true,"href":"https:\/\/kaligrafia.amu.edu.pl\/index.php?rest_route=%2Fwp%2Fv2%2Fcomments&post=255"}],"version-history":[{"count":4,"href":"https:\/\/kaligrafia.amu.edu.pl\/index.php?rest_route=\/wp\/v2\/pages\/255\/revisions"}],"predecessor-version":[{"id":701,"href":"https:\/\/kaligrafia.amu.edu.pl\/index.php?rest_route=\/wp\/v2\/pages\/255\/revisions\/701"}],"wp:attachment":[{"href":"https:\/\/kaligrafia.amu.edu.pl\/index.php?rest_route=%2Fwp%2Fv2%2Fmedia&parent=255"}],"curies":[{"name":"wp","href":"https:\/\/api.w.org\/{rel}","templated":true}]}}