{"id":252,"date":"2024-04-21T10:57:22","date_gmt":"2024-04-21T08:57:22","guid":{"rendered":"https:\/\/kaligrafia.amu.edu.pl\/?page_id=252"},"modified":"2024-04-25T21:24:29","modified_gmt":"2024-04-25T19:24:29","slug":"3-2","status":"publish","type":"page","link":"https:\/\/kaligrafia.amu.edu.pl\/?page_id=252","title":{"rendered":"Przypadkowy wiersz wiosenny"},"content":{"rendered":"\n<p class=\"has-medium-font-size\">Kaligrafia autorstwa<strong>\u00a0Zhan Donghua \u8a79\u51ac\u534e<\/strong>\u00a0z Jiangxi Normal University Institute of Literature, wykonana w\u00a0<a href=\"https:\/\/kaligrafia.amu.edu.pl\/?page_id=13#biezacepismo\">pi\u015bmie bie\u017c\u0105cym<\/a>\u00a0i z tekstem wiersza <a href=\"https:\/\/kaligrafia.amu.edu.pl\/?page_id=656\/#chenghao\">Cheng Hao<\/a> (1032-1085) pt.\u00a0<em>Przypadkowy wiersz wiosenny\u00a0<\/em>\u6625\u65e5\u5076\u6210.<\/p>\n\n\n\n<p>Przek\u0142ad wiersza na j\u0119zyk polski zosta\u0142 opracowany przez Weronik\u0119 S\u00f3jk\u0119, studentk\u0119 II roku studi\u00f3w magisterskich Sinologii UAM.<\/p>\n\n\n<div class=\"wp-block-image\">\n<figure class=\"alignleft size-full\"><img loading=\"lazy\" decoding=\"async\" width=\"200\" height=\"400\" src=\"https:\/\/kaligrafia.amu.edu.pl\/wp-content\/uploads\/2024\/04\/3-6.jpg\" alt=\"\" class=\"wp-image-387\" srcset=\"https:\/\/kaligrafia.amu.edu.pl\/wp-content\/uploads\/2024\/04\/3-6.jpg 200w, https:\/\/kaligrafia.amu.edu.pl\/wp-content\/uploads\/2024\/04\/3-6-150x300.jpg 150w\" sizes=\"auto, (max-width: 200px) 100vw, 200px\" \/><\/figure>\n<\/div>\n\n\n<p>Tekst oryginalny: <br>\u4e91\u6de1\u98ce\u8f7b\u8fd1\u5348\u5929\uff0c\u508d\u82b1\u968f\u67f3\u8fc7\u524d\u5ddd\u3002\u65f6\u4eba\u4e0d\u8bc6\u4f59\u5fc3\u4e50\uff0c \u5c06\u8c13\u5077\u95f2\u5b66\u5c11\u5e74\u3002<br>T\u0142umaczenie:<br>Jasne chmury i lekki wietrzyk ku po\u0142udniu,<br>Mijam rzek\u0119 wij\u0105c\u0105 si\u0119 w\u015br\u00f3d wierzb i kwiat\u00f3w.<br>Nikt nie rozumie rado\u015bci mego serca,<br>My\u015bl\u0105, \u017ce ukradkiem na\u015bladuj\u0119 m\u0142odych.<\/p>\n\n\n\n<p>.&nbsp;<\/p>\n","protected":false},"excerpt":{"rendered":"<p>Kaligrafia autorstwa\u00a0Zhan Donghua \u8a79\u51ac\u534e\u00a0z Jiangxi Normal University Institute of Literature, wykonana w\u00a0pi\u015bmie bie\u017c\u0105cym\u00a0i z tekstem wiersza Cheng Hao (1032-1085) pt.\u00a0Przypadkowy wiersz wiosenny\u00a0\u6625\u65e5\u5076\u6210. Przek\u0142ad wiersza na j\u0119zyk polski zosta\u0142 opracowany przez Weronik\u0119 S\u00f3jk\u0119, studentk\u0119 II roku studi\u00f3w magisterskich Sinologii UAM. Tekst oryginalny: \u4e91\u6de1\u98ce\u8f7b\u8fd1\u5348\u5929\uff0c\u508d\u82b1\u968f\u67f3\u8fc7\u524d\u5ddd\u3002\u65f6\u4eba\u4e0d\u8bc6\u4f59\u5fc3\u4e50\uff0c \u5c06\u8c13\u5077\u95f2\u5b66\u5c11\u5e74\u3002T\u0142umaczenie:Jasne chmury i lekki wietrzyk ku po\u0142udniu,Mijam rzek\u0119 wij\u0105c\u0105 si\u0119 w\u015br\u00f3d wierzb i &hellip; <a href=\"https:\/\/kaligrafia.amu.edu.pl\/?page_id=252\" class=\"more-link\">Czytaj dalej <span class=\"screen-reader-text\">Przypadkowy wiersz wiosenny<\/span><\/a><\/p>\n","protected":false},"author":1,"featured_media":0,"parent":0,"menu_order":0,"comment_status":"closed","ping_status":"closed","template":"","meta":{"footnotes":""},"class_list":["post-252","page","type-page","status-publish","hentry"],"_links":{"self":[{"href":"https:\/\/kaligrafia.amu.edu.pl\/index.php?rest_route=\/wp\/v2\/pages\/252","targetHints":{"allow":["GET"]}}],"collection":[{"href":"https:\/\/kaligrafia.amu.edu.pl\/index.php?rest_route=\/wp\/v2\/pages"}],"about":[{"href":"https:\/\/kaligrafia.amu.edu.pl\/index.php?rest_route=\/wp\/v2\/types\/page"}],"author":[{"embeddable":true,"href":"https:\/\/kaligrafia.amu.edu.pl\/index.php?rest_route=\/wp\/v2\/users\/1"}],"replies":[{"embeddable":true,"href":"https:\/\/kaligrafia.amu.edu.pl\/index.php?rest_route=%2Fwp%2Fv2%2Fcomments&post=252"}],"version-history":[{"count":7,"href":"https:\/\/kaligrafia.amu.edu.pl\/index.php?rest_route=\/wp\/v2\/pages\/252\/revisions"}],"predecessor-version":[{"id":704,"href":"https:\/\/kaligrafia.amu.edu.pl\/index.php?rest_route=\/wp\/v2\/pages\/252\/revisions\/704"}],"wp:attachment":[{"href":"https:\/\/kaligrafia.amu.edu.pl\/index.php?rest_route=%2Fwp%2Fv2%2Fmedia&parent=252"}],"curies":[{"name":"wp","href":"https:\/\/api.w.org\/{rel}","templated":true}]}}