{"id":251,"date":"2024-04-21T10:57:22","date_gmt":"2024-04-21T08:57:22","guid":{"rendered":"https:\/\/kaligrafia.amu.edu.pl\/?page_id=251"},"modified":"2024-04-25T21:24:46","modified_gmt":"2024-04-25T19:24:46","slug":"2-2","status":"publish","type":"page","link":"https:\/\/kaligrafia.amu.edu.pl\/?page_id=251","title":{"rendered":"Spogl\u0105daj\u0105c na wodospad na g\u00f3rze Lu\u00a0"},"content":{"rendered":"\n<p class=\"has-medium-font-size\">Kaligrafia autorstwa<strong> Mao Guodian \u6bdb\u56fd\u5178<\/strong> z Federacji K\u00f3\u0142 Artystycznych i Literackich Prowincji Jiangxi, wykonana w <a href=\"https:\/\/kaligrafia.amu.edu.pl\/?page_id=13#kancelaryjnepismo\">pi\u015bmie kancelaryjnym<\/a> i z tekstem wiersza <a href=\"https:\/\/kaligrafia.amu.edu.pl\/?page_id=656\/#libai\">Li Bai&#8217;a<\/a> (701-762) pt. <em>Spogl\u0105daj\u0105c na wodospad na g\u00f3rze Lu <\/em>\u671b\u5e90\u5c71\u7011\u5e03.<\/p>\n\n\n\n<p>Przek\u0142ad wiersza na j\u0119zyk polski zosta\u0142 opracowany przez Martyn\u0119 Bojarczuk i Alicj\u0119 Kobiel\u0119, studentki II roku studi\u00f3w magisterskich Sinologii UAM.<\/p>\n\n\n<div class=\"wp-block-image\">\n<figure class=\"alignleft size-full\"><img loading=\"lazy\" decoding=\"async\" width=\"200\" height=\"400\" src=\"https:\/\/kaligrafia.amu.edu.pl\/wp-content\/uploads\/2024\/04\/2-8.jpg\" alt=\"\" class=\"wp-image-383\" srcset=\"https:\/\/kaligrafia.amu.edu.pl\/wp-content\/uploads\/2024\/04\/2-8.jpg 200w, https:\/\/kaligrafia.amu.edu.pl\/wp-content\/uploads\/2024\/04\/2-8-150x300.jpg 150w\" sizes=\"auto, (max-width: 200px) 100vw, 200px\" \/><\/figure>\n<\/div>\n\n\n<p>Tekst oryginalny: <br>\u65e5\u7167\u9999\u7089\u751f\u7d2b\u70df\uff0c\u9065\u770b\u7011\u5e03\u6302\u524d\u5ddd\u3002\u98de\u6d41\u76f4\u4e0b\u4e09\u5343\u5c3a\uff0c\u7591\u662f\u94f6\u6cb3\u843d\u4e5d\u5929\u3002<br>T\u0142umaczenie:<br>Blask s\u0142o\u0144ca przenika mg\u0142\u0119 tworz\u0105c purpurow\u0105 po\u015bwiat\u0119,<br>W oddali wodospad przerzucony przez g\u00f3r\u0119 niczym jedwabna chusta,<br>Jego wody lec\u0105 uk\u0142adaj\u0105c si\u0119 w niesko\u0144czony strumie\u0144,<br>A mo\u017ce to Droga Mleczna si\u0119gaj\u0105ca Niebios.<\/p>\n","protected":false},"excerpt":{"rendered":"<p>Kaligrafia autorstwa Mao Guodian \u6bdb\u56fd\u5178 z Federacji K\u00f3\u0142 Artystycznych i Literackich Prowincji Jiangxi, wykonana w pi\u015bmie kancelaryjnym i z tekstem wiersza Li Bai&#8217;a (701-762) pt. Spogl\u0105daj\u0105c na wodospad na g\u00f3rze Lu \u671b\u5e90\u5c71\u7011\u5e03. Przek\u0142ad wiersza na j\u0119zyk polski zosta\u0142 opracowany przez Martyn\u0119 Bojarczuk i Alicj\u0119 Kobiel\u0119, studentki II roku studi\u00f3w magisterskich Sinologii UAM. Tekst oryginalny: \u65e5\u7167\u9999\u7089\u751f\u7d2b\u70df\uff0c\u9065\u770b\u7011\u5e03\u6302\u524d\u5ddd\u3002\u98de\u6d41\u76f4\u4e0b\u4e09\u5343\u5c3a\uff0c\u7591\u662f\u94f6\u6cb3\u843d\u4e5d\u5929\u3002T\u0142umaczenie:Blask &hellip; <a href=\"https:\/\/kaligrafia.amu.edu.pl\/?page_id=251\" class=\"more-link\">Czytaj dalej <span class=\"screen-reader-text\">Spogl\u0105daj\u0105c na wodospad na g\u00f3rze Lu\u00a0<\/span><\/a><\/p>\n","protected":false},"author":1,"featured_media":0,"parent":0,"menu_order":0,"comment_status":"closed","ping_status":"closed","template":"","meta":{"footnotes":""},"class_list":["post-251","page","type-page","status-publish","hentry"],"_links":{"self":[{"href":"https:\/\/kaligrafia.amu.edu.pl\/index.php?rest_route=\/wp\/v2\/pages\/251","targetHints":{"allow":["GET"]}}],"collection":[{"href":"https:\/\/kaligrafia.amu.edu.pl\/index.php?rest_route=\/wp\/v2\/pages"}],"about":[{"href":"https:\/\/kaligrafia.amu.edu.pl\/index.php?rest_route=\/wp\/v2\/types\/page"}],"author":[{"embeddable":true,"href":"https:\/\/kaligrafia.amu.edu.pl\/index.php?rest_route=\/wp\/v2\/users\/1"}],"replies":[{"embeddable":true,"href":"https:\/\/kaligrafia.amu.edu.pl\/index.php?rest_route=%2Fwp%2Fv2%2Fcomments&post=251"}],"version-history":[{"count":6,"href":"https:\/\/kaligrafia.amu.edu.pl\/index.php?rest_route=\/wp\/v2\/pages\/251\/revisions"}],"predecessor-version":[{"id":705,"href":"https:\/\/kaligrafia.amu.edu.pl\/index.php?rest_route=\/wp\/v2\/pages\/251\/revisions\/705"}],"wp:attachment":[{"href":"https:\/\/kaligrafia.amu.edu.pl\/index.php?rest_route=%2Fwp%2Fv2%2Fmedia&parent=251"}],"curies":[{"name":"wp","href":"https:\/\/api.w.org\/{rel}","templated":true}]}}